{"id":58,"date":"2020-09-21T15:59:41","date_gmt":"2020-09-21T15:59:41","guid":{"rendered":"https:\/\/www.huguesnavez.be\/?page_id=58"},"modified":"2020-09-21T16:01:10","modified_gmt":"2020-09-21T16:01:10","slug":"biographie","status":"publish","type":"page","link":"https:\/\/www.huguesnavez.be\/?page_id=58&lang=fr","title":{"rendered":"Biographie"},"content":{"rendered":"\n<p>N\u00e9 \u00e0 Bruxelles, il entreprend l\u2019\u00e9tude de la guitare d\u00e8s l\u2019\u00e2ge de 9 ans avec H\u00e9l\u00e8ne LOUVRIER \u00e0 l\u2019Acad\u00e9mie de Molenbeek-Saint-Jean (Bruxelles), puis avec Jean-Philippe GRUNEISSEN \u00e0 l\u2019Acad\u00e9mie de Mouscron et obtient en 1981 la M\u00e9daille du Gouvernement belge.<\/p>\n\n\n\n<p>Form\u00e9 au Conservatoire \u00e0 Rayonnement R\u00e9gional de Lille par Jean-Philippe GRUNEISSEN, au Conservatoire Royal de Bruxelles par Ilse et Nicolas ALFONSO ainsi qu\u2019au Conservatoire National Sup\u00e9rieur de Musique et de Danse de Paris par Alexandre LAGOYA (dont il est le seul \u00e9l\u00e8ve belge) et par Carel HARMS, il a obtenu de hautes r\u00e9compenses et est titulaire de nombreux prix et dipl\u00f4mes de guitare, solf\u00e8ge, musique de chambre, analyse musicale, p\u00e9dagogie&#8230;<\/p>\n\n\n\n<p>Il a suivi les masterclasses de Carel Harms, d\u2019Alexandre Lagoya, d\u2019Ako Ito, d\u2019Henri Dorigny et de Peter McCutcheon \u00e0 l\u2019Acad\u00e9mie Internationale d\u2019\u00c9t\u00e9 de Nice ; celles de L\u00e9o Brouwer, de Sharon Isbin, de Costas Cotsiolis, de Kai Nieminen et d\u2019Ichiro Suzuki en Finlande ; celles de Fritz Buss \u00e0 Anvers et de Konrad Jungh\u00e4nel \u00e0 Paris.<\/p>\n\n\n\n<p>Il donne de multiples concerts et r\u00e9citals, et prend part \u00e0 nombre d\u2019\u00e9missions de radio et de t\u00e9l\u00e9vision : Union europ\u00e9enne, Suisse, Turquie, Chypre, Maroc, Tunisie, \u00c9gypte, Congo, S\u00e9n\u00e9gal, New-York, Canada, Br\u00e9sil, Venezuela, Chine\u2026<\/p>\n\n\n\n<p>Il participe r\u00e9guli\u00e8rement \u00e0 de grands festivals parmi lesquels le Festival d\u2019\u00c9t\u00e9 de Bruxelles, le Festival du Jeune Soliste d\u2019Antibes (avec l\u2019Orchestre Philharmonique de Monte-Carlo dirig\u00e9 par Lawrence Foster), le Festival de l\u2019Universit\u00e9 F\u00e9d\u00e9rale de Rio de Janeiro, le Festival International de Danse et de Th\u00e9\u00e2tre de Caracas, le Festival des Grands Crus de Bourgogne, les Nuits de Beloeil, les Fl\u00e2neries Musicales de Reims&#8230;<\/p>\n\n\n\n<p>&#8230;en soliste ou en compagnie de prestigieux partenaires : la violoniste Lola Bobesco ; les fl\u00fbtistes Maxence Larrieu, Marc Grauwels et Denis-Pierre Gustin ; les r\u00e9citants Suzanne Philippe, Raoul de Manez et Charles Kleinberg ; la harpiste Susanna Mildonian, les Orchestres Philharmoniques de la Radio T\u00e9l\u00e9vision belge (RTBF &#8211; sous la direction d\u2019Andr\u00e9 Vandernoot &#8211; et BRT), le Quatuor \u00e0 Cordes de l\u2019Op\u00e9ra Royal de la Monnaie, le Quatuor Momentum, l\u2019Orchestre de Chambre National de Toulouse, la compagnie am\u00e9ricano-suisse de danse Dance Music Light, le baryton Richard Rittelmann&#8230;<\/p>\n\n\n\n<p>Hugues Navez est \u00e9galement laur\u00e9at du Yehudi Menuhin\u2019s Live Music Now &#8211; Fondation Menuhin.<\/p>\n\n\n\n<p>En 1988 il cr\u00e9e \u201c12 European Guitar Recitals\u201d (12 compositeurs &#8211; 12 pays) sous le haut patronage de Carlo RIPA di MEANA, Commissaire Europ\u00e9en pour la Culture. Cette initiative lui vaut, la m\u00eame ann\u00e9e, le Prix Europ\u00e9en \u00c9mile No\u00ebl de l\u2019Union Europ\u00e9enne, d\u00e9cern\u00e9 pour la premi\u00e8re et unique fois \u00e0 un artiste.<\/p>\n\n\n\n<p>Le 21 juillet 1991, lors du concert de cl\u00f4ture \u00ab Apoth\u00e9ose \u00bb des F\u00eates Royales c\u00e9l\u00e9brant le 60e anniversaire du Roi Baudouin et ses quarante ann\u00e9es de r\u00e8gne, il se produit avec le Brussels Guitar Quartet et l\u2019Orchestre Symphonique de la Radio T\u00e9l\u00e9vision Belge (BRT) sur le site du Heysel, au pied de l\u2019Atomium, en pr\u00e9sence de la famille royale et de la presse internationale.<\/p>\n\n\n\n<p>L\u2019Union Europ\u00e9enne invite le duo qu\u2019il forme avec la harpiste Susanna Mildonian en septembre 1992 dans le cadre de l\u2019Exposition Universelle de S\u00e9ville et en d\u00e9cembre 2001, au Cinquantenaire, lors des festivit\u00e9s organis\u00e9es pour c\u00e9l\u00e9brer l\u2019arriv\u00e9e de la monnaie unique europ\u00e9enne.<\/p>\n\n\n\n<p>La t\u00e9l\u00e9vision belge (RTBF) l\u2019a r\u00e9guli\u00e8rement convi\u00e9 \u00e0 si\u00e9ger comme membre du jury des concours t\u00e9l\u00e9vis\u00e9s Jeunes Solistes et Jeunes Musiciens.<\/p>\n\n\n\n<p>P\u00e9dagogue tr\u00e8s appr\u00e9ci\u00e9, il donne de nombreuses masterclasses lors de ses tourn\u00e9es et dans le cadre des \u00e9changes europ\u00e9ens Erasmus : Universit\u00e9 F\u00e9d\u00e9rale de Rio, Conservatoire Central de P\u00e9kin, Conservatoire National Sup\u00e9rieur de Musique et de Danse de Paris, Conservatoires de Shanghai, Dakar, Budapest, \u00c9cole Britten en France&#8230;<\/p>\n\n\n\n<p>En 1993 il fonde les masterclasses d\u2019\u00e9t\u00e9 et le festival de l\u2019International Summer Academy of Belgium, \u00e0 l\u2019Abbaye de Floreffe. Il en assure la direction artistique et y enseigne la guitare jusqu\u2019\u00e0 la cl\u00f4ture de cette manifestation en 2001.<\/p>\n\n\n\n<p>Depuis 1999, Hugues Navez est le professeur titulaire de la classe de guitare du Conservatoire Royal de Bruxelles &#8211; \u00c9cole Sup\u00e9rieure des Arts.<\/p>\n\n\n\n<p>Il est l\u2019un des rares interpr\u00e8tes qui joue de la guitare \u00e0 dix cordes.<\/p>\n\n\n\n<p>Il a actuellement 5 CD \u00e0 son actif dont les sorties ont \u00e9t\u00e9 unanimement salu\u00e9es par une presse enthousiaste.<\/p>\n\n\n\n<p>Chaque ann\u00e9e il est professeur aux Masterclasses de Guitare de Bruxelles (stages d\u2019hiver et d\u2019\u00e9t\u00e9).<\/p>\n\n\n\n<p>En 2007, la Commission du Patrimoine du Conservatoire Royal de Bruxelles lui d\u00e9cerne le Prix Fr\u00e8res Darche qui r\u00e9compense sa carri\u00e8re artistique et son d\u00e9vouement qui honorent l\u2019\u00e9tablissement.<\/p>\n\n\n\n<p>\u00c0 l\u2019invitation de la F\u00e9d\u00e9ration Wallonie-Bruxelles et de l\u2019Union Europ\u00e9enne, il effectue en septembre 2010 une tourn\u00e9e en Chine, o\u00f9 il se produit et donne des masterclasses \u00e0 P\u00e9kin et \u00e0 Shanghai dans le cadre de l\u2019Exposition Universelle.<\/p>\n\n\n\n<p>En 2012 il fonde le Brussels International Guitar Festival &amp;amp; Competition, unique \u00e9v\u00e9nement annuel consacr\u00e9 \u00e0 la guitare \u00e0 Bruxelles, dont la cinqui\u00e8me \u00e9dition se d\u00e9roulera du 22 au 26 avril 2016.<\/p>\n","protected":false},"excerpt":{"rendered":"<p>N\u00e9 \u00e0 Bruxelles, il entreprend l\u2019\u00e9tude de la guitare d\u00e8s l\u2019\u00e2ge de 9 ans avec H\u00e9l\u00e8ne LOUVRIER \u00e0 l\u2019Acad\u00e9mie de Molenbeek-Saint-Jean (Bruxelles), puis avec Jean-Philippe GRUNEISSEN \u00e0 l\u2019Acad\u00e9mie de Mouscron et obtient en 1981 la M\u00e9daille du Gouvernement belge. Form\u00e9 au Conservatoire \u00e0 Rayonnement R\u00e9gional de Lille par Jean-Philippe GRUNEISSEN, au Conservatoire Royal de Bruxelles &hellip; <\/p>\n","protected":false},"author":1,"featured_media":0,"parent":0,"menu_order":0,"comment_status":"closed","ping_status":"closed","template":"","meta":[],"_links":{"self":[{"href":"https:\/\/www.huguesnavez.be\/index.php?rest_route=\/wp\/v2\/pages\/58"}],"collection":[{"href":"https:\/\/www.huguesnavez.be\/index.php?rest_route=\/wp\/v2\/pages"}],"about":[{"href":"https:\/\/www.huguesnavez.be\/index.php?rest_route=\/wp\/v2\/types\/page"}],"author":[{"embeddable":true,"href":"https:\/\/www.huguesnavez.be\/index.php?rest_route=\/wp\/v2\/users\/1"}],"replies":[{"embeddable":true,"href":"https:\/\/www.huguesnavez.be\/index.php?rest_route=%2Fwp%2Fv2%2Fcomments&post=58"}],"version-history":[{"count":2,"href":"https:\/\/www.huguesnavez.be\/index.php?rest_route=\/wp\/v2\/pages\/58\/revisions"}],"predecessor-version":[{"id":60,"href":"https:\/\/www.huguesnavez.be\/index.php?rest_route=\/wp\/v2\/pages\/58\/revisions\/60"}],"wp:attachment":[{"href":"https:\/\/www.huguesnavez.be\/index.php?rest_route=%2Fwp%2Fv2%2Fmedia&parent=58"}],"curies":[{"name":"wp","href":"https:\/\/api.w.org\/{rel}","templated":true}]}}