{"id":2,"date":"2020-09-21T11:43:54","date_gmt":"2020-09-21T11:43:54","guid":{"rendered":"https:\/\/www.huguesnavez.be\/?page_id=2"},"modified":"2020-10-24T12:32:50","modified_gmt":"2020-10-24T12:32:50","slug":"sample-page","status":"publish","type":"page","link":"https:\/\/www.huguesnavez.be\/?lang=fr","title":{"rendered":"Accueil"},"content":{"rendered":"\n<p>Aujourd&rsquo;hui, form\u00e9 par de grands ma\u00eetres, il est un artiste accompli et l&rsquo;un des rares interpr\u00e8tes qui joue de la guitare \u00e0 dix cordes.&nbsp;<br>Il occupe la fonction de professeur titulaire de la classe de guitare du Conservatoire Royal de Bruxelles et il vient de fonder le Brussels International Guitar Festival, premier \u00e9v\u00e9nement annuel consacr\u00e9 \u00e0 la guitare dans la capitale de l&rsquo;Europe.<\/p>\n\n\n\n<p>Sur les cinq continents ses concerts remportent un large succ\u00e8s. Il est appr\u00e9ci\u00e9 pour sa magnifique et puissante sonorit\u00e9, sa sensibilit\u00e9, sa virtuosit\u00e9, la qualit\u00e9 de ses prestations, l&rsquo;originalit\u00e9 et la diversit\u00e9 de ses programmes et son contact tr\u00e8s chaleureux avec le public.&nbsp;<\/p>\n\n\n <!-- Carousel Style & Script for  gallery-1 -->\r\n\r\n<script type=\"text\/javascript\">\/\/ <![CDATA[\r\n\/* START --- Image Carousel --- *\/\r\n\r\njQuery(document).ready(function($) {\r\n\r\n\t\r\n\t$('#icppreloader-gallery-1').fadeOut(300, function () {\r\n\t\t$('#gallery-1').fadeIn(300);\r\n\t\tvar slider1 = $('#gallery-1').bxSlider({\r\n\t\t\tauto: true,\r\n\t\t\tpause: 4000,\r\n\t\t\tautoHover: true,\r\n\t\t\tmoveSlides: 5,\r\n\t\t\tminSlides: 5,\r\n\t\t\tmaxSlides: 5,\r\n\t\t\tslideWidth: 250,\r\n\t\t\tslideMargin: 5,\r\n\t\t\tstartSlide: 0,\r\n\t\t\tinfiniteLoop: true,\r\n\t\t\tcaptions: false,\r\n\t\t\tcaptionsMode: 'alt',\r\n\t\t\tadaptiveHeight: true,\r\n\t\t\tuseCSS: false,\r\n\t\t\tpager: false,\r\n\t\t\teasing: 'easeInQuad',\r\n\t\t\tspeed: 2500,\r\n\t\t\tpreloadImages: 'all',\r\n\t\t\tonSlideBefore: function() {\r\n\t\t\t\t$('#gallery-1 .bx-caption').slideUp();\r\n\t\t\t\t},\r\n\t\t\tonSlideAfter: function($slideElement, oldIndex, newIndex) {\r\n\t\t\t\t\t\t\t\tslider1.stopAuto();\r\n\t\t\t\tslider1.startAuto();\r\n\t\t\t\t\t\t\t\t$('#gallery-1 .bx-caption').slideDown();\r\n\t\t\t}\r\n\t\t\t});\r\n\r\n\t\t});\r\n});\r\n\r\n\/* END --- Image Carousel --- *\/\r\n\r\n\/\/ ]]><\/script>\r\n\r\n<style type=\"text\/css\">\r\n\t.markup-gallery-1 .carousel-item img {width: 100%;margin: 0 auto;border:none !important;border-radius: 0px !important;box-shadow:none !important;}\t.markup-gallery-1 .bx-controls-direction a {display: none;}\t.markup-gallery-1 .bx-wrapper:hover .bx-controls-direction a {display: block;}\t.markup-gallery-1 .bx-wrapper { margin-bottom: 15px !important;}\t.markup-gallery-1 .bx-wrapper .bx-viewport {-moz-box-shadow: 0 0 5px #ccc;-webkit-box-shadow: 0 0 5px #ccc;box-shadow: 0 0 5px #ccc;border:  3px solid #fff;background: #fff;}\t\t1<\/style>\r\n\r\n\n\t\t<div id='icppreloader-gallery-1' class='icpsliderpreloader'><\/div><div class='markup-gallery-1'><div style='display:none;' id='gallery-1' class='ghozylab-gallery galleryid-2 gallery-size-full'><div class='carousel-item'><a   href='https:\/\/www.huguesnavez.be\/wp-content\/uploads\/2020\/09\/21-2.jpg'><img width=\"850\" height=\"600\" src=\"\" class=\"attachment-full size-full\" alt=\"\" loading=\"lazy\" srcset=\"https:\/\/www.huguesnavez.be\/wp-content\/uploads\/2020\/09\/21-2.jpg 850w, https:\/\/www.huguesnavez.be\/wp-content\/uploads\/2020\/09\/21-2-300x212.jpg 300w, https:\/\/www.huguesnavez.be\/wp-content\/uploads\/2020\/09\/21-2-768x542.jpg 768w\" sizes=\"(max-width: 850px) 100vw, 850px\" \/><\/a><\/div><div class='carousel-item'><a   href='https:\/\/www.huguesnavez.be\/wp-content\/uploads\/2020\/09\/20-2.jpg'><img width=\"850\" height=\"600\" src=\"\" class=\"attachment-full size-full\" alt=\"\" loading=\"lazy\" srcset=\"https:\/\/www.huguesnavez.be\/wp-content\/uploads\/2020\/09\/20-2.jpg 850w, https:\/\/www.huguesnavez.be\/wp-content\/uploads\/2020\/09\/20-2-300x212.jpg 300w, https:\/\/www.huguesnavez.be\/wp-content\/uploads\/2020\/09\/20-2-768x542.jpg 768w\" sizes=\"(max-width: 850px) 100vw, 850px\" \/><\/a><\/div><div class='carousel-item'><a   href='https:\/\/www.huguesnavez.be\/wp-content\/uploads\/2020\/09\/19-2.jpg'><img width=\"850\" height=\"600\" src=\"\" class=\"attachment-full size-full\" alt=\"\" loading=\"lazy\" srcset=\"https:\/\/www.huguesnavez.be\/wp-content\/uploads\/2020\/09\/19-2.jpg 850w, https:\/\/www.huguesnavez.be\/wp-content\/uploads\/2020\/09\/19-2-300x212.jpg 300w, https:\/\/www.huguesnavez.be\/wp-content\/uploads\/2020\/09\/19-2-768x542.jpg 768w\" sizes=\"(max-width: 850px) 100vw, 850px\" \/><\/a><\/div><div class='carousel-item'><a   href='https:\/\/www.huguesnavez.be\/wp-content\/uploads\/2020\/09\/18-2.jpg'><img width=\"850\" height=\"600\" src=\"\" class=\"attachment-full size-full\" alt=\"\" loading=\"lazy\" srcset=\"https:\/\/www.huguesnavez.be\/wp-content\/uploads\/2020\/09\/18-2.jpg 850w, https:\/\/www.huguesnavez.be\/wp-content\/uploads\/2020\/09\/18-2-300x212.jpg 300w, https:\/\/www.huguesnavez.be\/wp-content\/uploads\/2020\/09\/18-2-768x542.jpg 768w\" sizes=\"(max-width: 850px) 100vw, 850px\" \/><\/a><\/div><div class='carousel-item'><a   href='https:\/\/www.huguesnavez.be\/wp-content\/uploads\/2020\/09\/17-2.jpg'><img width=\"850\" height=\"600\" src=\"\" class=\"attachment-full size-full\" alt=\"\" loading=\"lazy\" srcset=\"https:\/\/www.huguesnavez.be\/wp-content\/uploads\/2020\/09\/17-2.jpg 850w, https:\/\/www.huguesnavez.be\/wp-content\/uploads\/2020\/09\/17-2-300x212.jpg 300w, https:\/\/www.huguesnavez.be\/wp-content\/uploads\/2020\/09\/17-2-768x542.jpg 768w\" sizes=\"(max-width: 850px) 100vw, 850px\" \/><\/a><\/div><div class='carousel-item'><a   href='https:\/\/www.huguesnavez.be\/wp-content\/uploads\/2020\/09\/16-2.jpg'><img width=\"850\" height=\"600\" src=\"\" class=\"attachment-full size-full\" alt=\"\" loading=\"lazy\" srcset=\"https:\/\/www.huguesnavez.be\/wp-content\/uploads\/2020\/09\/16-2.jpg 850w, https:\/\/www.huguesnavez.be\/wp-content\/uploads\/2020\/09\/16-2-300x212.jpg 300w, https:\/\/www.huguesnavez.be\/wp-content\/uploads\/2020\/09\/16-2-768x542.jpg 768w\" sizes=\"(max-width: 850px) 100vw, 850px\" \/><\/a><\/div><div class='carousel-item'><a   href='https:\/\/www.huguesnavez.be\/wp-content\/uploads\/2020\/09\/15-2.jpg'><img width=\"850\" height=\"600\" src=\"\" class=\"attachment-full size-full\" alt=\"\" loading=\"lazy\" srcset=\"https:\/\/www.huguesnavez.be\/wp-content\/uploads\/2020\/09\/15-2.jpg 850w, https:\/\/www.huguesnavez.be\/wp-content\/uploads\/2020\/09\/15-2-300x212.jpg 300w, https:\/\/www.huguesnavez.be\/wp-content\/uploads\/2020\/09\/15-2-768x542.jpg 768w\" sizes=\"(max-width: 850px) 100vw, 850px\" \/><\/a><\/div><div class='carousel-item'><a   href='https:\/\/www.huguesnavez.be\/wp-content\/uploads\/2020\/09\/14-2.jpg'><img width=\"850\" height=\"600\" src=\"\" class=\"attachment-full size-full\" alt=\"\" loading=\"lazy\" srcset=\"https:\/\/www.huguesnavez.be\/wp-content\/uploads\/2020\/09\/14-2.jpg 850w, https:\/\/www.huguesnavez.be\/wp-content\/uploads\/2020\/09\/14-2-300x212.jpg 300w, https:\/\/www.huguesnavez.be\/wp-content\/uploads\/2020\/09\/14-2-768x542.jpg 768w\" sizes=\"(max-width: 850px) 100vw, 850px\" \/><\/a><\/div><div class='carousel-item'><a   href='https:\/\/www.huguesnavez.be\/wp-content\/uploads\/2020\/09\/13-2.jpg'><img width=\"850\" height=\"600\" src=\"\" class=\"attachment-full size-full\" alt=\"\" loading=\"lazy\" srcset=\"https:\/\/www.huguesnavez.be\/wp-content\/uploads\/2020\/09\/13-2.jpg 850w, https:\/\/www.huguesnavez.be\/wp-content\/uploads\/2020\/09\/13-2-300x212.jpg 300w, https:\/\/www.huguesnavez.be\/wp-content\/uploads\/2020\/09\/13-2-768x542.jpg 768w\" sizes=\"(max-width: 850px) 100vw, 850px\" \/><\/a><\/div><div class='carousel-item'><a   href='https:\/\/www.huguesnavez.be\/wp-content\/uploads\/2020\/09\/12-2.jpg'><img width=\"850\" height=\"600\" src=\"\" class=\"attachment-full size-full\" alt=\"\" loading=\"lazy\" srcset=\"https:\/\/www.huguesnavez.be\/wp-content\/uploads\/2020\/09\/12-2.jpg 850w, https:\/\/www.huguesnavez.be\/wp-content\/uploads\/2020\/09\/12-2-300x212.jpg 300w, https:\/\/www.huguesnavez.be\/wp-content\/uploads\/2020\/09\/12-2-768x542.jpg 768w\" sizes=\"(max-width: 850px) 100vw, 850px\" \/><\/a><\/div><div class='carousel-item'><a   href='https:\/\/www.huguesnavez.be\/wp-content\/uploads\/2020\/09\/11-5.jpg'><img width=\"850\" height=\"600\" src=\"\" class=\"attachment-full size-full\" alt=\"\" loading=\"lazy\" srcset=\"https:\/\/www.huguesnavez.be\/wp-content\/uploads\/2020\/09\/11-5.jpg 850w, https:\/\/www.huguesnavez.be\/wp-content\/uploads\/2020\/09\/11-5-300x212.jpg 300w, https:\/\/www.huguesnavez.be\/wp-content\/uploads\/2020\/09\/11-5-768x542.jpg 768w\" sizes=\"(max-width: 850px) 100vw, 850px\" \/><\/a><\/div><div class='carousel-item'><a   href='https:\/\/www.huguesnavez.be\/wp-content\/uploads\/2020\/09\/10-2.jpg'><img width=\"850\" height=\"600\" src=\"\" class=\"attachment-full size-full\" alt=\"\" loading=\"lazy\" srcset=\"https:\/\/www.huguesnavez.be\/wp-content\/uploads\/2020\/09\/10-2.jpg 850w, https:\/\/www.huguesnavez.be\/wp-content\/uploads\/2020\/09\/10-2-300x212.jpg 300w, https:\/\/www.huguesnavez.be\/wp-content\/uploads\/2020\/09\/10-2-768x542.jpg 768w\" sizes=\"(max-width: 850px) 100vw, 850px\" \/><\/a><\/div><div class='carousel-item'><a   href='https:\/\/www.huguesnavez.be\/wp-content\/uploads\/2020\/09\/9-2.jpg'><img width=\"850\" height=\"600\" src=\"\" class=\"attachment-full size-full\" alt=\"\" loading=\"lazy\" srcset=\"https:\/\/www.huguesnavez.be\/wp-content\/uploads\/2020\/09\/9-2.jpg 850w, https:\/\/www.huguesnavez.be\/wp-content\/uploads\/2020\/09\/9-2-300x212.jpg 300w, https:\/\/www.huguesnavez.be\/wp-content\/uploads\/2020\/09\/9-2-768x542.jpg 768w\" sizes=\"(max-width: 850px) 100vw, 850px\" \/><\/a><\/div><div class='carousel-item'><a   href='https:\/\/www.huguesnavez.be\/wp-content\/uploads\/2020\/09\/8-2.jpg'><img width=\"850\" height=\"600\" src=\"\" class=\"attachment-full size-full\" alt=\"\" loading=\"lazy\" srcset=\"https:\/\/www.huguesnavez.be\/wp-content\/uploads\/2020\/09\/8-2.jpg 850w, https:\/\/www.huguesnavez.be\/wp-content\/uploads\/2020\/09\/8-2-300x212.jpg 300w, https:\/\/www.huguesnavez.be\/wp-content\/uploads\/2020\/09\/8-2-768x542.jpg 768w\" sizes=\"(max-width: 850px) 100vw, 850px\" \/><\/a><\/div><div class='carousel-item'><a   href='https:\/\/www.huguesnavez.be\/wp-content\/uploads\/2020\/09\/7-2.jpg'><img width=\"850\" height=\"600\" src=\"\" class=\"attachment-full size-full\" alt=\"\" loading=\"lazy\" srcset=\"https:\/\/www.huguesnavez.be\/wp-content\/uploads\/2020\/09\/7-2.jpg 850w, https:\/\/www.huguesnavez.be\/wp-content\/uploads\/2020\/09\/7-2-300x212.jpg 300w, https:\/\/www.huguesnavez.be\/wp-content\/uploads\/2020\/09\/7-2-768x542.jpg 768w\" sizes=\"(max-width: 850px) 100vw, 850px\" \/><\/a><\/div><div class='carousel-item'><a   href='https:\/\/www.huguesnavez.be\/wp-content\/uploads\/2020\/09\/6-2.jpg'><img width=\"850\" height=\"600\" src=\"\" class=\"attachment-full size-full\" alt=\"\" loading=\"lazy\" srcset=\"https:\/\/www.huguesnavez.be\/wp-content\/uploads\/2020\/09\/6-2.jpg 850w, https:\/\/www.huguesnavez.be\/wp-content\/uploads\/2020\/09\/6-2-300x212.jpg 300w, https:\/\/www.huguesnavez.be\/wp-content\/uploads\/2020\/09\/6-2-768x542.jpg 768w\" sizes=\"(max-width: 850px) 100vw, 850px\" \/><\/a><\/div><div class='carousel-item'><a   href='https:\/\/www.huguesnavez.be\/wp-content\/uploads\/2020\/09\/5-2.jpg'><img width=\"850\" height=\"600\" src=\"\" class=\"attachment-full size-full\" alt=\"\" loading=\"lazy\" srcset=\"https:\/\/www.huguesnavez.be\/wp-content\/uploads\/2020\/09\/5-2.jpg 850w, https:\/\/www.huguesnavez.be\/wp-content\/uploads\/2020\/09\/5-2-300x212.jpg 300w, https:\/\/www.huguesnavez.be\/wp-content\/uploads\/2020\/09\/5-2-768x542.jpg 768w\" sizes=\"(max-width: 850px) 100vw, 850px\" \/><\/a><\/div><div class='carousel-item'><a   href='https:\/\/www.huguesnavez.be\/wp-content\/uploads\/2020\/09\/4-5.jpg'><img width=\"850\" height=\"600\" src=\"\" class=\"attachment-full size-full\" alt=\"\" loading=\"lazy\" srcset=\"https:\/\/www.huguesnavez.be\/wp-content\/uploads\/2020\/09\/4-5.jpg 850w, https:\/\/www.huguesnavez.be\/wp-content\/uploads\/2020\/09\/4-5-300x212.jpg 300w, https:\/\/www.huguesnavez.be\/wp-content\/uploads\/2020\/09\/4-5-768x542.jpg 768w\" sizes=\"(max-width: 850px) 100vw, 850px\" \/><\/a><\/div><div class='carousel-item'><a   href='https:\/\/www.huguesnavez.be\/wp-content\/uploads\/2020\/09\/3-5.jpg'><img width=\"850\" height=\"600\" src=\"\" class=\"attachment-full size-full\" alt=\"\" loading=\"lazy\" srcset=\"https:\/\/www.huguesnavez.be\/wp-content\/uploads\/2020\/09\/3-5.jpg 850w, https:\/\/www.huguesnavez.be\/wp-content\/uploads\/2020\/09\/3-5-300x212.jpg 300w, https:\/\/www.huguesnavez.be\/wp-content\/uploads\/2020\/09\/3-5-768x542.jpg 768w\" sizes=\"(max-width: 850px) 100vw, 850px\" \/><\/a><\/div><div class='carousel-item'><a   href='https:\/\/www.huguesnavez.be\/wp-content\/uploads\/2020\/09\/2-5.jpg'><img width=\"850\" height=\"600\" src=\"\" class=\"attachment-full size-full\" alt=\"\" loading=\"lazy\" srcset=\"https:\/\/www.huguesnavez.be\/wp-content\/uploads\/2020\/09\/2-5.jpg 850w, https:\/\/www.huguesnavez.be\/wp-content\/uploads\/2020\/09\/2-5-300x212.jpg 300w, https:\/\/www.huguesnavez.be\/wp-content\/uploads\/2020\/09\/2-5-768x542.jpg 768w\" sizes=\"(max-width: 850px) 100vw, 850px\" \/><\/a><\/div><div class='carousel-item'><a   href='https:\/\/www.huguesnavez.be\/wp-content\/uploads\/2020\/09\/1-5.jpg'><img width=\"850\" height=\"600\" src=\"\" class=\"attachment-full size-full\" alt=\"\" loading=\"lazy\" srcset=\"https:\/\/www.huguesnavez.be\/wp-content\/uploads\/2020\/09\/1-5.jpg 850w, https:\/\/www.huguesnavez.be\/wp-content\/uploads\/2020\/09\/1-5-300x212.jpg 300w, https:\/\/www.huguesnavez.be\/wp-content\/uploads\/2020\/09\/1-5-768x542.jpg 768w\" sizes=\"(max-width: 850px) 100vw, 850px\" \/><\/a><\/div>\r\n\t\t<\/div><\/div>\n","protected":false},"excerpt":{"rendered":"<p>Aujourd&rsquo;hui, form\u00e9 par de grands ma\u00eetres, il est un artiste accompli et l&rsquo;un des rares interpr\u00e8tes qui joue de la guitare \u00e0 dix cordes.&nbsp;Il occupe la fonction de professeur titulaire de la classe de guitare du Conservatoire Royal de Bruxelles et il vient de fonder le Brussels International Guitar Festival, premier \u00e9v\u00e9nement annuel consacr\u00e9 \u00e0 &hellip; <\/p>\n","protected":false},"author":1,"featured_media":0,"parent":0,"menu_order":0,"comment_status":"closed","ping_status":"closed","template":"","meta":[],"_links":{"self":[{"href":"https:\/\/www.huguesnavez.be\/index.php?rest_route=\/wp\/v2\/pages\/2"}],"collection":[{"href":"https:\/\/www.huguesnavez.be\/index.php?rest_route=\/wp\/v2\/pages"}],"about":[{"href":"https:\/\/www.huguesnavez.be\/index.php?rest_route=\/wp\/v2\/types\/page"}],"author":[{"embeddable":true,"href":"https:\/\/www.huguesnavez.be\/index.php?rest_route=\/wp\/v2\/users\/1"}],"replies":[{"embeddable":true,"href":"https:\/\/www.huguesnavez.be\/index.php?rest_route=%2Fwp%2Fv2%2Fcomments&post=2"}],"version-history":[{"count":17,"href":"https:\/\/www.huguesnavez.be\/index.php?rest_route=\/wp\/v2\/pages\/2\/revisions"}],"predecessor-version":[{"id":520,"href":"https:\/\/www.huguesnavez.be\/index.php?rest_route=\/wp\/v2\/pages\/2\/revisions\/520"}],"wp:attachment":[{"href":"https:\/\/www.huguesnavez.be\/index.php?rest_route=%2Fwp%2Fv2%2Fmedia&parent=2"}],"curies":[{"name":"wp","href":"https:\/\/api.w.org\/{rel}","templated":true}]}}