{"id":169,"date":"2020-09-21T21:02:01","date_gmt":"2020-09-21T21:02:01","guid":{"rendered":"https:\/\/www.huguesnavez.be\/?page_id=169"},"modified":"2020-10-24T12:35:01","modified_gmt":"2020-10-24T12:35:01","slug":"guitares","status":"publish","type":"page","link":"https:\/\/www.huguesnavez.be\/?page_id=169&lang=fr","title":{"rendered":"Guitares"},"content":{"rendered":"\n<p>Depuis 1998, Hugues Navez a choisi de ne jouer que sur des guitares \u00e0 dix cordes pour obtenir une sonorit\u00e9 particuli\u00e8rement riche, ample et puissante gr\u00e2ce aux quatre cordes graves suppl\u00e9mentaires et aux vibrations par sympathie qu\u2019elles engendrent.<\/p>\n\n\n\n<p>Ce type d\u2019instrument lui permet \u00e9galement de r\u00e9aliser des transcriptions de musique ancienne ou pour clavier plus fid\u00e8les aux textes originaux.<\/p>\n\n\n\n<p>Con\u00e7ue par le luthier fran\u00e7ais Ren\u00e9 Lacote et le guitariste italien Ferdinando Carulli au 19e si\u00e8cle, cette guitare, appel\u00e9e d\u00e9cacorde \u00e0 l\u2019\u00e9poque, fut perfectionn\u00e9e dans les ann\u00e9es 1960 par le concertiste Narciso Yepes en collaboration avec le luthier madril\u00e8ne Jose Ramirez.<\/p>\n\n\n\n<p>De nombreux compositeurs ont \u00e9crit pour guitare \u00e0 dix cordes, parmi eux : Maurice Ohana, Bruno Maderna, Antonio Ruiz-Pipo, Leonardo Balada\u2026<\/p>\n\n\n <!-- Carousel Style & Script for  gallery-1 -->\r\n\r\n<script type=\"text\/javascript\">\/\/ <![CDATA[\r\n\/* START --- Image Carousel --- *\/\r\n\r\njQuery(document).ready(function($) {\r\n\r\n\t\r\n\t$('#icppreloader-gallery-1').fadeOut(300, function () {\r\n\t\t$('#gallery-1').fadeIn(300);\r\n\t\tvar slider1 = $('#gallery-1').bxSlider({\r\n\t\t\tauto: true,\r\n\t\t\tpause: 4000,\r\n\t\t\tautoHover: true,\r\n\t\t\tmoveSlides: 4,\r\n\t\t\tminSlides: 4,\r\n\t\t\tmaxSlides: 4,\r\n\t\t\tslideWidth: 250,\r\n\t\t\tslideMargin: 5,\r\n\t\t\tstartSlide: 0,\r\n\t\t\tinfiniteLoop: true,\r\n\t\t\tcaptions: false,\r\n\t\t\tcaptionsMode: 'alt',\r\n\t\t\tadaptiveHeight: true,\r\n\t\t\tuseCSS: false,\r\n\t\t\tpager: false,\r\n\t\t\teasing: 'easeInQuad',\r\n\t\t\tspeed: 2500,\r\n\t\t\tpreloadImages: 'all',\r\n\t\t\tonSlideBefore: function() {\r\n\t\t\t\t$('#gallery-1 .bx-caption').slideUp();\r\n\t\t\t\t},\r\n\t\t\tonSlideAfter: function($slideElement, oldIndex, newIndex) {\r\n\t\t\t\t\t\t\t\tslider1.stopAuto();\r\n\t\t\t\tslider1.startAuto();\r\n\t\t\t\t\t\t\t\t$('#gallery-1 .bx-caption').slideDown();\r\n\t\t\t}\r\n\t\t\t});\r\n\r\n\t\t});\r\n});\r\n\r\n\/* END --- Image Carousel --- *\/\r\n\r\n\/\/ ]]><\/script>\r\n\r\n<style type=\"text\/css\">\r\n\t.markup-gallery-1 .carousel-item img {width: 100%;margin: 0 auto;border:none !important;border-radius: 0px !important;box-shadow:none !important;}\t.markup-gallery-1 .bx-controls-direction a {display: none;}\t.markup-gallery-1 .bx-wrapper:hover .bx-controls-direction a {display: block;}\t.markup-gallery-1 .bx-wrapper { margin-bottom: 15px !important;}\t.markup-gallery-1 .bx-wrapper .bx-viewport {-moz-box-shadow: 0 0 5px #ccc;-webkit-box-shadow: 0 0 5px #ccc;box-shadow: 0 0 5px #ccc;border:  3px solid #fff;background: #fff;}\t\t1<\/style>\r\n\r\n\n\t\t<div id='icppreloader-gallery-1' class='icpsliderpreloader'><\/div><div class='markup-gallery-1'><div style='display:none;' id='gallery-1' class='ghozylab-gallery galleryid-169 gallery-size-full'><div class='carousel-item'><a   href='https:\/\/www.huguesnavez.be\/wp-content\/uploads\/2020\/09\/44-2.jpg'><img width=\"362\" height=\"545\" src=\"\" class=\"attachment-full size-full\" alt=\"\" loading=\"lazy\" srcset=\"https:\/\/www.huguesnavez.be\/wp-content\/uploads\/2020\/09\/44-2.jpg 362w, https:\/\/www.huguesnavez.be\/wp-content\/uploads\/2020\/09\/44-2-199x300.jpg 199w\" sizes=\"(max-width: 362px) 100vw, 362px\" \/><\/a><\/div><div class='carousel-item'><a   href='https:\/\/www.huguesnavez.be\/wp-content\/uploads\/2020\/09\/4-2.jpg'><img width=\"362\" height=\"545\" src=\"\" class=\"attachment-full size-full\" alt=\"\" loading=\"lazy\" srcset=\"https:\/\/www.huguesnavez.be\/wp-content\/uploads\/2020\/09\/4-2.jpg 362w, https:\/\/www.huguesnavez.be\/wp-content\/uploads\/2020\/09\/4-2-199x300.jpg 199w\" sizes=\"(max-width: 362px) 100vw, 362px\" \/><\/a><\/div><div class='carousel-item'><a   href='https:\/\/www.huguesnavez.be\/wp-content\/uploads\/2020\/09\/33-2.jpg'><img width=\"362\" height=\"545\" src=\"\" class=\"attachment-full size-full\" alt=\"\" loading=\"lazy\" srcset=\"https:\/\/www.huguesnavez.be\/wp-content\/uploads\/2020\/09\/33-2.jpg 362w, https:\/\/www.huguesnavez.be\/wp-content\/uploads\/2020\/09\/33-2-199x300.jpg 199w\" sizes=\"(max-width: 362px) 100vw, 362px\" \/><\/a><\/div><div class='carousel-item'><a   href='https:\/\/www.huguesnavez.be\/wp-content\/uploads\/2020\/09\/3-2.jpg'><img width=\"362\" height=\"545\" src=\"\" class=\"attachment-full size-full\" alt=\"\" loading=\"lazy\" srcset=\"https:\/\/www.huguesnavez.be\/wp-content\/uploads\/2020\/09\/3-2.jpg 362w, https:\/\/www.huguesnavez.be\/wp-content\/uploads\/2020\/09\/3-2-199x300.jpg 199w\" sizes=\"(max-width: 362px) 100vw, 362px\" \/><\/a><\/div><div class='carousel-item'><a   href='https:\/\/www.huguesnavez.be\/wp-content\/uploads\/2020\/09\/22-2.jpg'><img width=\"362\" height=\"545\" src=\"\" class=\"attachment-full size-full\" alt=\"\" loading=\"lazy\" srcset=\"https:\/\/www.huguesnavez.be\/wp-content\/uploads\/2020\/09\/22-2.jpg 362w, https:\/\/www.huguesnavez.be\/wp-content\/uploads\/2020\/09\/22-2-199x300.jpg 199w\" sizes=\"(max-width: 362px) 100vw, 362px\" \/><\/a><\/div><div class='carousel-item'><a   href='https:\/\/www.huguesnavez.be\/wp-content\/uploads\/2020\/09\/2-2.jpg'><img width=\"362\" height=\"545\" src=\"\" class=\"attachment-full size-full\" alt=\"\" loading=\"lazy\" srcset=\"https:\/\/www.huguesnavez.be\/wp-content\/uploads\/2020\/09\/2-2.jpg 362w, https:\/\/www.huguesnavez.be\/wp-content\/uploads\/2020\/09\/2-2-199x300.jpg 199w\" sizes=\"(max-width: 362px) 100vw, 362px\" \/><\/a><\/div><div class='carousel-item'><a   href='https:\/\/www.huguesnavez.be\/wp-content\/uploads\/2020\/09\/11-2.jpg'><img width=\"362\" height=\"545\" src=\"\" class=\"attachment-full size-full\" alt=\"\" loading=\"lazy\" srcset=\"https:\/\/www.huguesnavez.be\/wp-content\/uploads\/2020\/09\/11-2.jpg 362w, https:\/\/www.huguesnavez.be\/wp-content\/uploads\/2020\/09\/11-2-199x300.jpg 199w\" sizes=\"(max-width: 362px) 100vw, 362px\" \/><\/a><\/div><div class='carousel-item'><a   href='https:\/\/www.huguesnavez.be\/wp-content\/uploads\/2020\/09\/1-2.jpg'><img width=\"362\" height=\"545\" src=\"\" class=\"attachment-full size-full\" alt=\"\" loading=\"lazy\" srcset=\"https:\/\/www.huguesnavez.be\/wp-content\/uploads\/2020\/09\/1-2.jpg 362w, https:\/\/www.huguesnavez.be\/wp-content\/uploads\/2020\/09\/1-2-199x300.jpg 199w\" sizes=\"(max-width: 362px) 100vw, 362px\" \/><\/a><\/div>\r\n\t\t<\/div><\/div>\n\n\n<p class=\"guitar\"><strong>JOSE RAMIREZ<\/strong>&nbsp;(Espagne) 1965<br>construite par Ignacio Manzano Rozas<br>cette guitare appartenait \u00e0 Nicolas Alfonso<\/p>\n<hr>\n<p class=\"guitar\"><strong>JOSE RAMIREZ<\/strong>&nbsp;(Espagne) 1965<br>construite par Mariano Tezanos Martin<br>cette guitare appartenait \u00e0 Ilse Alfonso<\/p>\n<hr>\n<p class=\"guitar\"><strong>DIETER HOPF<\/strong>&nbsp;(Allemagne) 1984<br>mod\u00e8le \u00ab la Portentosa \u00bb<\/p>\n<hr>\n<p class=\"guitar\"><strong>JOSE RAMIREZ<\/strong>&nbsp;(Espagne) 1984<br>construite par Juan Garcia Rey<br>clase 1<sup>a<\/sup><\/p>\n<hr>\n<p class=\"guitar\"><strong>DIETER HOPF<\/strong>&nbsp;(Allemagne) 1998<br>mod\u00e8le \u00ab la Portentosa \u00bb<br>exemplaire unique construit pour Hugues Navez<\/p>\n<hr>\n<p class=\"guitar\"><strong>DIETER HOPF<\/strong>&nbsp;(Allemagne) 2012<br>mod\u00e8le \u00ab la Portentosa Grande Furioso \u00bb<br>exemplaire unique construit pour Hugues Navez<\/p>\n<hr>\n<p class=\"guitar\"><\/p>","protected":false},"excerpt":{"rendered":"<p>Depuis 1998, Hugues Navez a choisi de ne jouer que sur des guitares \u00e0 dix cordes pour obtenir une sonorit\u00e9 particuli\u00e8rement riche, ample et puissante gr\u00e2ce aux quatre cordes graves suppl\u00e9mentaires et aux vibrations par sympathie qu\u2019elles engendrent. Ce type d\u2019instrument lui permet \u00e9galement de r\u00e9aliser des transcriptions de musique ancienne ou pour clavier plus &hellip; <\/p>\n","protected":false},"author":1,"featured_media":0,"parent":0,"menu_order":0,"comment_status":"closed","ping_status":"closed","template":"","meta":[],"_links":{"self":[{"href":"https:\/\/www.huguesnavez.be\/index.php?rest_route=\/wp\/v2\/pages\/169"}],"collection":[{"href":"https:\/\/www.huguesnavez.be\/index.php?rest_route=\/wp\/v2\/pages"}],"about":[{"href":"https:\/\/www.huguesnavez.be\/index.php?rest_route=\/wp\/v2\/types\/page"}],"author":[{"embeddable":true,"href":"https:\/\/www.huguesnavez.be\/index.php?rest_route=\/wp\/v2\/users\/1"}],"replies":[{"embeddable":true,"href":"https:\/\/www.huguesnavez.be\/index.php?rest_route=%2Fwp%2Fv2%2Fcomments&post=169"}],"version-history":[{"count":9,"href":"https:\/\/www.huguesnavez.be\/index.php?rest_route=\/wp\/v2\/pages\/169\/revisions"}],"predecessor-version":[{"id":524,"href":"https:\/\/www.huguesnavez.be\/index.php?rest_route=\/wp\/v2\/pages\/169\/revisions\/524"}],"wp:attachment":[{"href":"https:\/\/www.huguesnavez.be\/index.php?rest_route=%2Fwp%2Fv2%2Fmedia&parent=169"}],"curies":[{"name":"wp","href":"https:\/\/api.w.org\/{rel}","templated":true}]}}