{"id":159,"date":"2020-09-21T20:41:25","date_gmt":"2020-09-21T20:41:25","guid":{"rendered":"https:\/\/www.huguesnavez.be\/?page_id=159"},"modified":"2020-09-21T20:41:26","modified_gmt":"2020-09-21T20:41:26","slug":"onderwijs","status":"publish","type":"page","link":"https:\/\/www.huguesnavez.be\/?page_id=159&lang=nl","title":{"rendered":"Onderwijs"},"content":{"rendered":"\n<p>Hugues Navez verstrekt met veel enthousiasme een onderricht dat open staat voor diverse interpretaties en gitaartechnieken met eerbied voor de meest verschillende stijlen.<\/p>\n\n\n\n<p>Hugues Navez wordt gedreven door de drang zijn artistieke ervaring te delen en de muzikale erfenis over te dragen van de befaamde meesters en leraren wiens student hij geweest is, en van wie hij de master classes heeft gevolgd : Ilse en Nicolas Alfonso, Jean-Philippe Gruneissen, Carel Harms, Alexandre Lagoya, H\u00e9l\u00e8ne Louvrier, Ako Ito, Henri Dorigny, Peter McCutcheon, Leo Brouwer, Sharon Isbin, Costas Cotsiolis, Fritz Buss, Ichiro Suzuki, Kai Nieminen, Konrad Junghanel\u2026<\/p>\n\n\n\n<p>Hugues Navez geeft zijn eerste gitaarlessen op 17 jarige leeftijd. Na onderwezen te hebben in verschillende Belgische Muziek Academies en in het secundair onderwijs van de Stad Brussel, wordt hij assistent van Ilse Alfonso aan het Conservatoire Royal de Bruxelles (Koninklijk Conservatorium van Brussel).<\/p>\n\n\n\n<p>In 1999 wordt hij benoemd tot Professor-Titularis van de gitaarklas aan het Conservatoire Royal de Bruxelles (Koninklijk Conservatorium van Brussel). Hij neemt dus de fakkel over van Ilse en Nicolas Alfonso, die deze klas, \u00e9\u00e9n van de oudsten in Europa, in 1965 oprichtten.<\/p>\n\n\n\n<p>Het Conservatoire Royal de Bruxelles (Koninklijk Conservatorium van Brussel) opgericht in 1832, verstrekt onderwijs om het hoogste niveau. Het verwelkomt studenten van alle nationaliteiten die er Bachelor, Master, Doctoraat of Pedagogie cursussen volgen.<\/p>\n\n\n\n<p>Zijn gitaarklas treedt regelmatig op tijdens concerten : Kasteel Karreveld, Flagey, het Brusselse Parlement, Muziekinstrumentenmuseum in Brussel (MIM), Universit\u00e9 Libre de Bruxelles (ULB), Maison de la Musique, Salon Musicora te Parijs\u2026<\/p>\n\n\n\n<p>Hij organiseert jaarlijks, in samenwerking met het Conservatoire Royal de Bruxelles (Koninklijk Conservatorium van Brussel), een reeks openbare master classes en nodigt hiervoor tal van gerenommeerde docenten en artiesten uit waaronder : G\u00e9rard Abiton, Nicolas Achten, Miguel Barbera, Jorge Cardoso, Olivier Chassain, Patrick de Belleville, Val\u00e9rie Duch\u00e2teau, \u00c9ric Franceries, Jos\u00e9 Mar\u00eda Gallardo del Rey, Jean-Philippe Gruneissen, Eleftheria Kotzia, Leon Koudelak, Philippe Mariotti, Stein-Erik Olsen, Emmanuel Rossfelder, Galina Vale, Ana Vidovic, Fr\u00e9d\u00e9ric Zigante\u2026<\/p>\n\n\n\n<p>Hij geeft, tijdens vele van zijn tournees alsmede in het kader van het Erasmus uitwisselingsprogramma, diverse master classes voor : de Federale Universiteit van Rio de Janeiro, het Beijing Centraal Conservatorium, het Conservatoire National Sup\u00e9rieur de Musique et de Danse de Paris, de Conservatoria van Shanghai, Dakar, Boedapest, \u00c9cole Britten in Frankrijk&#8230; Elk jaar is hij Professor bij de Guitar Master Classes te Brussel (winter- en zomerstages).<\/p>\n","protected":false},"excerpt":{"rendered":"<p>Hugues Navez verstrekt met veel enthousiasme een onderricht dat open staat voor diverse interpretaties en gitaartechnieken met eerbied voor de meest verschillende stijlen. Hugues Navez wordt gedreven door de drang zijn artistieke ervaring te delen en de muzikale erfenis over te dragen van de befaamde meesters en leraren wiens student hij geweest is, en van &hellip; <\/p>\n","protected":false},"author":1,"featured_media":0,"parent":0,"menu_order":0,"comment_status":"closed","ping_status":"closed","template":"","meta":[],"_links":{"self":[{"href":"https:\/\/www.huguesnavez.be\/index.php?rest_route=\/wp\/v2\/pages\/159"}],"collection":[{"href":"https:\/\/www.huguesnavez.be\/index.php?rest_route=\/wp\/v2\/pages"}],"about":[{"href":"https:\/\/www.huguesnavez.be\/index.php?rest_route=\/wp\/v2\/types\/page"}],"author":[{"embeddable":true,"href":"https:\/\/www.huguesnavez.be\/index.php?rest_route=\/wp\/v2\/users\/1"}],"replies":[{"embeddable":true,"href":"https:\/\/www.huguesnavez.be\/index.php?rest_route=%2Fwp%2Fv2%2Fcomments&post=159"}],"version-history":[{"count":1,"href":"https:\/\/www.huguesnavez.be\/index.php?rest_route=\/wp\/v2\/pages\/159\/revisions"}],"predecessor-version":[{"id":161,"href":"https:\/\/www.huguesnavez.be\/index.php?rest_route=\/wp\/v2\/pages\/159\/revisions\/161"}],"wp:attachment":[{"href":"https:\/\/www.huguesnavez.be\/index.php?rest_route=%2Fwp%2Fv2%2Fmedia&parent=159"}],"curies":[{"name":"wp","href":"https:\/\/api.w.org\/{rel}","templated":true}]}}